{"id":13207,"date":"2025-01-15T10:56:02","date_gmt":"2025-01-15T14:56:02","guid":{"rendered":"https:\/\/hopibonaire.com\/offroad-tours\/about-us\/in-the-media\/"},"modified":"2025-06-09T09:00:29","modified_gmt":"2025-06-09T13:00:29","slug":"in-the-media","status":"publish","type":"page","link":"https:\/\/hopibonaire.com\/en\/offroad-tours\/about-us\/in-the-media\/","title":{"rendered":"In the media"},"content":{"rendered":"<p>[et_pb_section fb_built=&#8221;1&#8243; disabled_on=&#8221;off|off|off&#8221; module_id=&#8221;top&#8221; _builder_version=&#8221;4.27.0&#8243; _module_preset=&#8221;default&#8221; background_color=&#8221;#5DC0C9&#8243; custom_padding=&#8221;35px||48px|||&#8221; locked=&#8221;off&#8221; global_colors_info=&#8221;{}&#8221;][et_pb_row column_structure=&#8221;1_2,1_2&#8243; _builder_version=&#8221;4.22.0&#8243; _module_preset=&#8221;default&#8221; custom_padding=&#8221;||1px|||&#8221; global_colors_info=&#8221;{}&#8221;][et_pb_column type=&#8221;1_2&#8243; _builder_version=&#8221;4.22.0&#8243; _module_preset=&#8221;default&#8221; global_colors_info=&#8221;{}&#8221;][et_pb_image src=&#8221;https:\/\/hopibonaire.com\/wp-content\/uploads\/2023\/08\/Flamingo-sunset.webp&#8221; alt=&#8221;Silhouette of three Caribbean flamingos, the basis of our HopiBonaire logo.&#8221; disabled_on=&#8221;off|on|on&#8221; _builder_version=&#8221;4.27.4&#8243; _module_preset=&#8221;default&#8221; locked=&#8221;off&#8221; global_colors_info=&#8221;{}&#8221;][\/et_pb_image][et_pb_text _builder_version=&#8221;4.27.4&#8243; _module_preset=&#8221;default&#8221; global_colors_info=&#8221;{}&#8221;]<\/p>\n<h1>In the media<\/h1>\n<p>&nbsp;<\/p>\n<p>We are grateful for the attention we\u2019ve received from various media outlets. Their stories help us share our passion for Bonaire with an even wider audience. Below, we\u2019ve compiled an overview of articles that highlight our work.<\/p>\n<p>Curious how our love for the island translates into the way we work?<\/p>\n<p>[\/et_pb_text][et_pb_button button_url=&#8221;https:\/\/hopibonaire.com\/en\/about-us-sharing-island-love\/&#8221; button_text=&#8221;Check out: Sharing Island Love&#8221; _builder_version=&#8221;4.27.4&#8243; _module_preset=&#8221;default&#8221; custom_button=&#8221;on&#8221; button_text_size=&#8221;17px&#8221; button_text_color=&#8221;#FFFFFF&#8221; button_bg_color=&#8221;#5DC0C9&#8243; button_border_width=&#8221;1px&#8221; button_font=&#8221;||||||||&#8221; button_icon=&#8221;&#x35;||divi||400&#8243; button_icon_color=&#8221;#FFFFFF&#8221; locked=&#8221;off&#8221; global_colors_info=&#8221;{}&#8221;][\/et_pb_button][\/et_pb_column][et_pb_column type=&#8221;1_2&#8243; _builder_version=&#8221;4.22.0&#8243; _module_preset=&#8221;default&#8221; global_colors_info=&#8221;{}&#8221;][et_pb_image src=&#8221;https:\/\/hopibonaire.com\/wp-content\/uploads\/2023\/08\/Flamingo-sunset.webp&#8221; alt=&#8221;Silhouette of three Caribbean flamingos, the basis of our HopiBonaire logo.&#8221; disabled_on=&#8221;on|off|off&#8221; _builder_version=&#8221;4.27.4&#8243; _module_preset=&#8221;default&#8221; locked=&#8221;off&#8221; global_colors_info=&#8221;{}&#8221;][\/et_pb_image][\/et_pb_column][\/et_pb_row][\/et_pb_section][et_pb_section fb_built=&#8221;1&#8243; module_id=&#8221;review-solo&#8221; _builder_version=&#8221;4.23.4&#8243; _module_preset=&#8221;default&#8221; custom_padding=&#8221;35px|||||&#8221; locked=&#8221;off&#8221; global_colors_info=&#8221;{}&#8221;][et_pb_row column_structure=&#8221;1_2,1_2&#8243; _builder_version=&#8221;4.27.4&#8243; _module_preset=&#8221;default&#8221; global_colors_info=&#8221;{}&#8221;][et_pb_column type=&#8221;1_2&#8243; _builder_version=&#8221;4.27.4&#8243; _module_preset=&#8221;default&#8221; global_colors_info=&#8221;{}&#8221;][et_pb_blurb title=&#8221;U.S. News &#8211; Travel&#8221; url=&#8221;https:\/\/travel.usnews.com\/Bonaire\/Things_To_Do\/&#8221; url_new_window=&#8221;on&#8221; image=&#8221;https:\/\/hopibonaire.com\/wp-content\/uploads\/2025\/01\/Media-U.S.-News.webp&#8221; alt=&#8221;De self guided wandeltocht door Kralendijk van HopiBonaire wordt aangeraden door U.S. News.&#8221; _builder_version=&#8221;4.27.4&#8243; _module_preset=&#8221;default&#8221; custom_padding=&#8221;||35px|||&#8221; global_colors_info=&#8221;{}&#8221;]<\/p>\n<p><span>Kralendijk \u2013 Bonaire&#8217;s tiny capital city \u2013 is a colorful commercial and cultural gathering spot on the seafront. It\u2019s easily explored on foot with the aid of this\u00a0<\/span><strong><span style=\"color: #33cccc;\"><a target=\"_blank\" data-hook=\"embedded-link\" href=\"https:\/\/hopibonaire.com\/en\/blog-kralendijk-bonaire\/\" rel=\"noopener\" style=\"color: #33cccc;\">self-guided walking tour<\/a><\/span><\/strong><span>\u00a0from HopiBonaire, which you can download for free to your smartphone.<\/span><\/p>\n<p>[\/et_pb_blurb][et_pb_blurb title=&#8221;World Traveler &#8211; Winter 2024-25&#8243; url=&#8221;https:\/\/worldtraveler.travel\/tropical-tidbits-winter-2024-25\/&#8221; url_new_window=&#8221;on&#8221; image=&#8221;https:\/\/hopibonaire.com\/wp-content\/uploads\/2025\/01\/Media-World-Traveler.webp&#8221; alt=&#8221;HopiBonaire wordt aangeraden in de Tropical Tidbits Column van World Traveler.&#8221; _builder_version=&#8221;4.27.4&#8243; _module_preset=&#8221;default&#8221; custom_padding=&#8221;||35px|||&#8221; hover_enabled=&#8221;0&#8243; global_colors_info=&#8221;{}&#8221; sticky_enabled=&#8221;0&#8243;]<\/p>\n<p><span>And if you want to explore <strong><span style=\"color: #33cccc;\"><a href=\"https:\/\/hopibonaire.com\/en\/offroad-tours\/our-tours\/washington-slagbaai-park-tour\/\" style=\"color: #33cccc;\">Washington Slagbaai National Park<\/a><\/span><\/strong>&#8211; the protected nature reserve, I recommend a private tour with a reputable operator like HopiBonaire. They specialize in off-the-beaten-path locations, are extremely environmentally conscious, and will even curate personal itineraries to your liking that include snorkeling in off-radar regions. They\u2019ll also take wonderful photos as personal keepsakes.<\/span><\/p>\n<p>[\/et_pb_blurb][et_pb_blurb title=&#8221;Recommend &#8211; March 1, 2024&#8243; url=&#8221;https:\/\/recommend.com\/editors-picks\/female-solo-travel-is-on-the-rise\/&#8221; url_new_window=&#8221;on&#8221; image=&#8221;https:\/\/hopibonaire.com\/wp-content\/uploads\/2025\/01\/Media-Recommend-Female-Solo-Travel.webp&#8221; alt=&#8221;Recommend beveelt de tours met soloreizigers van HopiBonaire aan.&#8221; _builder_version=&#8221;4.27.4&#8243; _module_preset=&#8221;default&#8221; custom_padding=&#8221;||36px|||&#8221; hover_enabled=&#8221;0&#8243; global_colors_info=&#8221;{}&#8221; sticky_enabled=&#8221;0&#8243;]<\/p>\n<p><span>The Dutch Caribbean island of\u00a0<\/span>Bonaire\u00a0<span>is much more than bright pink flamingos: it\u2019s a beautiful, safe destination that welcomes the solo traveler with tons of outdoor activities and a variety of accommodations from studio apartments to boutique hotels. The folks at\u00a0<\/span>HopiBonaire <span>are <strong><span style=\"color: #33cccc;\"><a href=\"https:\/\/hopibonaire.com\/en\/offroad-tours\/reviews\/reviews-from-solo-travelers\/\" style=\"color: #33cccc;\">experts at solo tours<\/a><\/span><\/strong>, taking them off the beaten path to explore hidden gems\u2014travelers can customize their tour according to their preferences, whether it\u2019s <strong><span style=\"color: #33cccc;\"><a href=\"https:\/\/hopibonaire.com\/en\/offroad-tours\/our-tours\/birdwatching-tour\/\" style=\"color: #33cccc;\">birdwatching<\/a><\/span><\/strong> at Washington Slagbaai National Park, <strong><span style=\"color: #33cccc;\"><a href=\"https:\/\/hopibonaire.com\/en\/offroad-tours\/our-tours\/guided-hiking-tours-bonaire\/\" style=\"color: #33cccc;\">hiking<\/a> <\/span><\/strong>or <strong><span style=\"color: #33cccc;\"><a href=\"https:\/\/hopibonaire.com\/en\/offroad-tours\/our-tours\/customized-tour\/\" style=\"color: #33cccc;\">snorkeling<\/a> <\/span><\/strong>in the protected waters. They can also set up a <strong><span style=\"color: #33cccc;\"><a href=\"https:\/\/hopibonaire.com\/en\/offroad-tours\/our-tours\/photography-tour\/\" style=\"color: #33cccc;\">photography tour<\/a><\/span><\/strong> with an expert for impeccable Instagram moments.<\/span><\/p>\n<p>[\/et_pb_blurb][et_pb_blurb title=&#8221;Travelpro &#8211; 29 februari 2024&#8243; url=&#8221;https:\/\/www.travelpro.nl\/bonaire-bruist-van-de-nieuwe-ontwikkelingen\/&#8221; url_new_window=&#8221;on&#8221; image=&#8221;https:\/\/hopibonaire.com\/wp-content\/uploads\/2025\/01\/Media-Travelpro.webp&#8221; alt=&#8221;Travelpro raadt de \u00e9\u00e9n-op-\u00e9\u00e9n tours van HopiBonaire aan.&#8221; _builder_version=&#8221;4.27.4&#8243; _module_preset=&#8221;default&#8221; custom_padding=&#8221;||35px|||&#8221; hover_enabled=&#8221;0&#8243; global_colors_info=&#8221;{}&#8221; sticky_enabled=&#8221;0&#8243;]<\/p>\n<p><span>Gezien de groeiende trend in <span style=\"color: #33cccc;\"><strong><a href=\"https:\/\/hopibonaire.com\/en\/a-solo-trip-to-bonaire\/\" style=\"color: #33cccc;\">soloreizen<\/a><\/strong><\/span> moedigt HopiBonaire nu \u00e9\u00e9n-op-\u00e9\u00e9n eilandexcursies aan voor bezoekers die alleen reizen, of op zoek zijn naar individuele avonturen, zelfontdekking en onafhankelijkheid. HopiBonaire verlaat letterlijk de gebaande paden en ontdekt vele verborgen pareltjes. Solo-avonturiers kunnen hun eigen priv\u00e9tour samenstellen, van <a href=\"https:\/\/hopibonaire.com\/en\/offroad-tours\/our-tours\/guided-hiking-tours-bonaire\/\"><strong><span style=\"color: #33cccc;\">wandelen<\/span><\/strong><\/a>, <span style=\"color: #33cccc;\"><strong><a href=\"https:\/\/hopibonaire.com\/en\/offroad-tours\/our-tours\/customized-tour\/\" style=\"color: #33cccc;\">snorkelen<\/a><\/strong><\/span> en <strong><span style=\"color: #33cccc;\"><a href=\"https:\/\/hopibonaire.com\/en\/offroad-tours\/our-tours\/birdwatching-tour\/\" style=\"color: #33cccc;\">vogels spotten<\/a><\/span><\/strong> in het Washington Slagbaai National Park tot leren hoe de perfecte foto van de unieke landschappen van Bonaire te maken met een fotografie-expert.<\/span><\/p>\n<p>[\/et_pb_blurb][et_pb_blurb title=&#8221;Society World &#8211; 1 feb 2024&#8243; url=&#8221;https:\/\/www.societyworld.nl\/post\/24-nieuwe-ervaringen-in-bonaire&#8221; url_new_window=&#8221;on&#8221; image=&#8221;https:\/\/hopibonaire.com\/wp-content\/uploads\/2025\/01\/Media-Society-World-kopie.jpg&#8221; alt=&#8221;Society World raadt de \u00e9\u00e9n op \u00e9\u00e9n tours van HopiBonaire aan.&#8221; _builder_version=&#8221;4.27.4&#8243; _module_preset=&#8221;default&#8221; custom_padding=&#8221;||35px|||&#8221; hover_enabled=&#8221;0&#8243; global_colors_info=&#8221;{}&#8221; sticky_enabled=&#8221;0&#8243;]<\/p>\n<p><span>Gezien de groeiende trend in <span style=\"color: #33cccc;\"><strong><a href=\"https:\/\/hopibonaire.com\/en\/a-solo-trip-to-bonaire\/\" style=\"color: #33cccc;\">soloreizen<\/a><\/strong><\/span> moedigt HopiBonaire nu \u00e9\u00e9n-op-\u00e9\u00e9n eilandexcursies aan voor bezoekers die alleen reizen, of op zoek zijn naar individuele avonturen, zelfontdekking en onafhankelijkheid. HopiBonaire verlaat letterlijk de gebaande paden en ontdekt vele verborgen pareltjes. Solo-avonturiers kunnen hun eigen priv\u00e9tour samenstellen, van <a href=\"https:\/\/hopibonaire.com\/en\/offroad-tours\/our-tours\/guided-hiking-tours-bonaire\/\"><strong><span style=\"color: #33cccc;\">wandelen<\/span><\/strong><\/a>, <span style=\"color: #33cccc;\"><strong><a href=\"https:\/\/hopibonaire.com\/en\/offroad-tours\/our-tours\/customized-tour\/\" style=\"color: #33cccc;\">snorkelen<\/a><\/strong><\/span> en <strong><span style=\"color: #33cccc;\"><a href=\"https:\/\/hopibonaire.com\/en\/offroad-tours\/our-tours\/birdwatching-tour\/\" style=\"color: #33cccc;\">vogels spotten<\/a><\/span><\/strong> in het Washington Slagbaai National Park tot leren hoe de perfecte foto van de unieke landschappen van Bonaire te maken met een fotografie-expert.<\/span><\/p>\n<p>[\/et_pb_blurb][\/et_pb_column][et_pb_column type=&#8221;1_2&#8243; _builder_version=&#8221;4.27.4&#8243; _module_preset=&#8221;default&#8221; global_colors_info=&#8221;{}&#8221;][et_pb_blurb title=&#8221;\u00c9xtra Boneriano &#8211; Djabi\u00e8rn\u00e8 28 y\u00fcni 2024&#8243; url=&#8221;https:\/\/extraboneiru.com\/2024\/06\/bas-ronteltap-di-hopibonaire-un-guia-turistiko-bon-prepara\/&#8221; url_new_window=&#8221;on&#8221; image=&#8221;https:\/\/hopibonaire.com\/wp-content\/uploads\/2025\/01\/Media-Extra-Boneriano.webp&#8221; alt=&#8221;Artikel over HopiBonaire in de lokale media op Bonaire: \u00c9xtra Boneriano.&#8221; _builder_version=&#8221;4.27.4&#8243; _module_preset=&#8221;default&#8221; custom_padding=&#8221;||35px|||&#8221; hover_enabled=&#8221;0&#8243; global_colors_info=&#8221;{}&#8221; sticky_enabled=&#8221;0&#8243;]<\/p>\n<p class=\"entry-title\">Bas Ronteltap di e kompania HOPIBONAIRE ta un guia tur\u00edstiko ku bo por konfia ku e informashon ku e ta duna na su klientenan, turistanan ku ta bini e isla aki, ta ver\u00eddiko. Bas ta un kursista e dianan aki na FuHiKuBo &#8211; Fundashon Hist\u00f3riko Boneriano &#8211; pa e kurso b\u00e1siko di kultura i <strong><span style=\"color: #33cccc;\"><a href=\"https:\/\/hopibonaire.com\/en\/blog-history-bonaire\/\" style=\"color: #33cccc;\">historia<\/a><\/span><\/strong>. &#8220;Ta masha poko bi\u00e1 sa tin kursista ku e kursista ku e konosementu aki den nos kursonan&#8221;, B\u00f2i Antoin di FuHiKuBo, ku ta duna e kurso aki pa kasi 20 a\u00f1a kaba, a bisa. Loke ta yuda Bas Ronteltap hopi ta e echo ku e ta lesa tur buki ku tin tokante hirstoria i kultura di Boneiru.<\/p>\n<p>[\/et_pb_blurb][et_pb_blurb title=&#8221;In de buurt &#8211; Woensdag 7 december 2022&#8243; url=&#8221;https:\/\/indebuurt.nl\/schiedam\/schiedammers\/bas-en-jessica-emigreerden-naar-bonaire-het-leven-gaat-hier-zoveel-trager~126643\/&#8221; url_new_window=&#8221;on&#8221; image=&#8221;https:\/\/hopibonaire.com\/wp-content\/uploads\/2025\/01\/Media-In-de-buurt.webp&#8221; alt=&#8221;Bas en Jessica van HopiBonaire in In de buurt van het Algemeen Dagblad.&#8221; _builder_version=&#8221;4.27.4&#8243; _module_preset=&#8221;default&#8221; custom_padding=&#8221;||35px|||&#8221; hover_enabled=&#8221;0&#8243; global_colors_info=&#8221;{}&#8221; sticky_enabled=&#8221;0&#8243;]<\/p>\n<p><span>Nu werken Bas en Jessica aan hun eigen bedrijfje in het toerisme: HopiBonaire<\/span><span>. Ze willen toeristen meenemen op priv\u00e9tours en ze kennis laten maken met al het moois dat Bonaire te bieden heeft. \u201cHier op Bonaire is de natuur zowel onder als boven water een cadeautje\u201d, vertelt Bas. \u201cNatuurfotografie is een echte passie van me (&#8230;). Toeristen die deze passie delen kunnen mee op een <strong><span style=\"color: #33cccc;\"><a href=\"https:\/\/hopibonaire.com\/en\/offroad-tours\/our-tours\/photography-tour\/\" style=\"color: #33cccc;\">speciale tour langs de mooiste fotolocaties van Bonaire<\/a><\/span><\/strong>.\u201d<\/span><\/p>\n<p>[\/et_pb_blurb][et_pb_blurb title=&#8221;Amazon&#8221; url=&#8221;https:\/\/www.amazon.nl\/Expertgids-Ree%C3%ABnfotografie-Alles-ree%C3%ABn-fotograferen\/dp\/9079588520&#8243; url_new_window=&#8221;on&#8221; image=&#8221;https:\/\/hopibonaire.com\/wp-content\/uploads\/2025\/01\/Media-Amazon.webp&#8221; alt=&#8221;Het boek Expertgids Ree&#038;fotografie op Amazon, door Bas Ronteltap van HopiBonaire.&#8221; _builder_version=&#8221;4.27.4&#8243; _module_preset=&#8221;default&#8221; custom_padding=&#8221;||35px|||&#8221; hover_enabled=&#8221;0&#8243; global_colors_info=&#8221;{}&#8221; sticky_enabled=&#8221;0&#8243;]<\/p>\n<p><span>Om even te ontsnappen aan de drukte van zijn werk als leerkracht, trok Bas Ronteltap er graag met de camera op uit om ree\u00ebn te fotograferen. Gefascineerd door wat hij in het veld waarnam, leerde hij om de gedragingen van het ree in zijn voordeel te gebruiken. Tijdens een sabbatical op Bonaire heeft hij besloten om zijn foto\u2019s en kennis te delen in een boek. In de Expertgids Ree&amp;Fotografie neemt Bas je mee in de bijzondere wereld van het ree en leert hij je stap voor stap hoe ook jij prachtige ree\u00ebnfoto\u2019s kan maken. Daarmee is het een informatief en vooral lekker praktisch boek geworden, voor zowel natuurliefhebbers als -fotografen. Inmiddels is het <span style=\"color: #33cccc;\"><strong><a href=\"https:\/\/hopibonaire.com\/en\/offroad-tours\/blog\/discovering-bonaire\/\" style=\"color: #33cccc;\">veelzijdige eiland<\/a><\/strong><\/span> Bonaire het nieuwe thuis van Bas geworden. Daar is hij samen met zijn vrouw Jessica HopiBonaire begonnen, een tourbedrijf dat onder andere <strong><span style=\"color: #33cccc;\"><a href=\"https:\/\/hopibonaire.com\/en\/offroad-tours\/our-tours\/birdwatching-tour\/\" style=\"color: #33cccc;\">vogel-<\/a><\/span><\/strong> en <strong><span style=\"color: #33cccc;\"><a href=\"https:\/\/hopibonaire.com\/en\/offroad-tours\/our-tours\/photography-tour\/\" style=\"color: #33cccc;\">fotografietours<\/a><\/span><\/strong> organiseert. Maar ook in dit nieuwe leven keert hij nog graag even terug naar Nederland om een paar ochtenden door te brengen bij zijn geliefde ree\u00ebn.<\/span><\/p>\n<p>[\/et_pb_blurb][et_pb_blurb title=&#8221;Natuurfotografie Magazine &#8211; editie 72 \/ nr. 4, 2024&#8243; image=&#8221;https:\/\/hopibonaire.com\/wp-content\/uploads\/2025\/01\/Media-Natuurfotografie-Magazine.webp&#8221; alt=&#8221;Interview met Bas Ronteltap van HopiBonaire in Natuurfotografie Magazine .&#8221; _builder_version=&#8221;4.27.4&#8243; _module_preset=&#8221;default&#8221; custom_padding=&#8221;||35px|||&#8221; hover_enabled=&#8221;0&#8243; global_colors_info=&#8221;{}&#8221; sticky_enabled=&#8221;0&#8243;]<\/p>\n<p>Terwijl je dit leest, bevindt Bas Ronteltap zich bijna 8000 kilometer hiervandaan. Bas was in Nederland werkzaam als leerkracht, maar besloot het roer om te gooien en vertrok voor een half jaar met zijn vrouw naar het mooie Bonaire, waar hij inmiddels woont en onder andere <strong><span style=\"color: #33cccc;\"><a href=\"https:\/\/hopibonaire.com\/en\/offroad-tours\/our-tours\/birdwatching-tour\/\" style=\"color: #33cccc;\">vogel-<\/a><\/span><\/strong> en <strong><span style=\"color: #33cccc;\"><a href=\"https:\/\/hopibonaire.com\/en\/offroad-tours\/our-tours\/photography-tour\/\" style=\"color: #33cccc;\">fotografietours<\/a><\/span><\/strong> organiseert.<\/p>\n<p>&#8220;Ik vind nog steeds alles retefantastisch hier. Het is een natuurfotografie-pa-ra-dijs! Het weer is hier altijd lekker. Je hebt vijf van de zeven dagen twee fantastische gouden uren. Je leeft veel dichter op de natuur. Dieren zijn minder bang voor mensen en er is nog zoveel rust. En ook het onderwaterleven is zo rijk en veelzijdig, van zeeschildpadden tot roggen en noem maar op. We zijn hier nog lang niet uitgekeken!&#8221;<\/p>\n<p>[\/et_pb_blurb][et_pb_blurb title=&#8221;Alles over Vakanties &#8211; 8 februari 2024&#8243; url=&#8221;https:\/\/www.allesovervakanties.nl\/nieuw-op-bonaire-in-2024-deel-1\/&#8221; url_new_window=&#8221;on&#8221; image=&#8221;https:\/\/hopibonaire.com\/wp-content\/uploads\/2025\/01\/Media-Alles-over-vakanties.webp&#8221; alt=&#8221;HopiBonaire wordt aangeraden in een artikel van Alles over Vakanties.&#8221; _builder_version=&#8221;4.27.4&#8243; _module_preset=&#8221;default&#8221; custom_padding=&#8221;||35px|||&#8221; hover_enabled=&#8221;0&#8243; global_colors_info=&#8221;{}&#8221; sticky_enabled=&#8221;0&#8243;]<\/p>\n<p><span>Gezien de groeiende trend in <span style=\"color: #33cccc;\"><strong><a href=\"https:\/\/hopibonaire.com\/en\/a-solo-trip-to-bonaire\/\" style=\"color: #33cccc;\">soloreizen<\/a><\/strong><\/span> moedigt HopiBonaire nu \u00e9\u00e9n-op-\u00e9\u00e9n eilandexcursies aan voor bezoekers die alleen reizen, of op zoek zijn naar individuele avonturen, zelfontdekking en onafhankelijkheid. HopiBonaire verlaat letterlijk de gebaande paden en ontdekt vele verborgen pareltjes. Solo-avonturiers kunnen hun eigen priv\u00e9tour samenstellen, van <a href=\"https:\/\/hopibonaire.com\/en\/offroad-tours\/our-tours\/guided-hiking-tours-bonaire\/\"><strong><span style=\"color: #33cccc;\">wandelen<\/span><\/strong><\/a>, <span style=\"color: #33cccc;\"><strong><a href=\"https:\/\/hopibonaire.com\/en\/offroad-tours\/our-tours\/customized-tour\/\" style=\"color: #33cccc;\">snorkelen<\/a><\/strong><\/span> en <strong><span style=\"color: #33cccc;\"><a href=\"https:\/\/hopibonaire.com\/en\/offroad-tours\/our-tours\/birdwatching-tour\/\" style=\"color: #33cccc;\">vogels spotten<\/a><\/span><\/strong> in het Washington Slagbaai National Park tot leren hoe de perfecte foto van de unieke landschappen van Bonaire te maken met een fotografie-expert.<\/span><\/p>\n<p>[\/et_pb_blurb][\/et_pb_column][\/et_pb_row][\/et_pb_section]<\/p>\n","protected":false},"excerpt":{"rendered":"<p>In the media &nbsp; We are grateful for the attention we\u2019ve received from various media outlets. Their stories help us share our passion for Bonaire with an even wider audience. Below, we\u2019ve compiled an overview of articles that highlight our work. Curious how our love for the island translates into the way we work?Kralendijk \u2013 [&hellip;]<\/p>\n","protected":false},"author":1,"featured_media":0,"parent":2452,"menu_order":0,"comment_status":"closed","ping_status":"closed","template":"","meta":{"_seopress_robots_primary_cat":"","_seopress_titles_title":"In the media | HopiBonaire","_seopress_titles_desc":"We are grateful for the media attention we\u2019ve received. Explore the articles that feature HopiBonaire.","_seopress_robots_index":"","_seopress_analysis_target_kw":"","_et_pb_use_builder":"on","_et_pb_old_content":"","_et_gb_content_width":"","footnotes":""},"class_list":["post-13207","page","type-page","status-publish","hentry"],"_links":{"self":[{"href":"https:\/\/hopibonaire.com\/en\/wp-json\/wp\/v2\/pages\/13207","targetHints":{"allow":["GET"]}}],"collection":[{"href":"https:\/\/hopibonaire.com\/en\/wp-json\/wp\/v2\/pages"}],"about":[{"href":"https:\/\/hopibonaire.com\/en\/wp-json\/wp\/v2\/types\/page"}],"author":[{"embeddable":true,"href":"https:\/\/hopibonaire.com\/en\/wp-json\/wp\/v2\/users\/1"}],"replies":[{"embeddable":true,"href":"https:\/\/hopibonaire.com\/en\/wp-json\/wp\/v2\/comments?post=13207"}],"version-history":[{"count":5,"href":"https:\/\/hopibonaire.com\/en\/wp-json\/wp\/v2\/pages\/13207\/revisions"}],"predecessor-version":[{"id":14872,"href":"https:\/\/hopibonaire.com\/en\/wp-json\/wp\/v2\/pages\/13207\/revisions\/14872"}],"up":[{"embeddable":true,"href":"https:\/\/hopibonaire.com\/en\/wp-json\/wp\/v2\/pages\/2452"}],"wp:attachment":[{"href":"https:\/\/hopibonaire.com\/en\/wp-json\/wp\/v2\/media?parent=13207"}],"curies":[{"name":"wp","href":"https:\/\/api.w.org\/{rel}","templated":true}]}}